{"id":51415,"date":"2021-06-21T09:47:02","date_gmt":"2021-06-21T09:47:02","guid":{"rendered":"https:\/\/hsl-technik.wedo.lu\/?page_id=51415"},"modified":"2021-07-20T11:52:25","modified_gmt":"2021-07-20T11:52:25","slug":"thank-you-fr","status":"publish","type":"page","link":"https:\/\/hsl-technik.lu\/fr\/thank-you-fr\/","title":{"rendered":"Thank you fr"},"content":{"rendered":"<p>[et_pb_section fb_built=\u00a0\u00bb1&Prime; _builder_version=\u00a0\u00bb4.8.2&Prime; background_color=\u00a0\u00bb#ededed\u00a0\u00bb use_background_color_gradient=\u00a0\u00bbon\u00a0\u00bb background_color_gradient_start=\u00a0\u00bbrgba(0,0,0,0.5)\u00a0\u00bb background_color_gradient_end=\u00a0\u00bbrgba(0,0,0,0.5)\u00a0\u00bb background_color_gradient_overlays_image=\u00a0\u00bbon\u00a0\u00bb background_image=\u00a0\u00bbhttps:\/\/hsl-technik.lu\/wp-content\/uploads\/2021\/06\/nutzen_sie_unser_einfaches_system_zur_kontaktaufnahme-1.jpg\u00a0\u00bb background_position=\u00a0\u00bbbottom_right\u00a0\u00bb custom_padding=\u00a0\u00bb80px||80px||true\u00a0\u00bb saved_tabs=\u00a0\u00bball\u00a0\u00bb][et_pb_row column_structure=\u00a0\u00bb2_3,1_3&Prime; use_custom_gutter=\u00a0\u00bbon\u00a0\u00bb gutter_width=\u00a0\u00bb2&Prime; make_equal=\u00a0\u00bbon\u00a0\u00bb padding_top_bottom_link_1=\u00a0\u00bbfalse\u00a0\u00bb padding_left_right_link_1=\u00a0\u00bbtrue\u00a0\u00bb _builder_version=\u00a0\u00bb4.8.2&Prime; animation_direction=\u00a0\u00bbleft\u00a0\u00bb border_color_left=\u00a0\u00bb#0c0c0c\u00a0\u00bb][et_pb_column type=\u00a0\u00bb2_3&Prime; _builder_version=\u00a0\u00bb4.8.2&Prime; background_enable_color=\u00a0\u00bboff\u00a0\u00bb background_position=\u00a0\u00bbbottom_center\u00a0\u00bb background_repeat=\u00a0\u00bbrepeat\u00a0\u00bb custom_padding=\u00a0\u00bb50px|0px|50px|0px|true|true\u00a0\u00bb custom_padding_tablet=\u00a0\u00bb0px||0px||true|true\u00a0\u00bb custom_padding_phone=\u00a0\u00bb0px|0px|0px|0px|true|true\u00a0\u00bb custom_padding_last_edited=\u00a0\u00bbon|tablet\u00a0\u00bb custom_padding__hover=\u00a0\u00bb|||\u00a0\u00bb][et_pb_text _builder_version=\u00a0\u00bb4.9.7&Prime; text_font=\u00a0\u00bbLato|700||on|||||\u00a0\u00bb text_text_color=\u00a0\u00bb#ffffff\u00a0\u00bb text_font_size=\u00a0\u00bb22px\u00a0\u00bb text_line_height=\u00a0\u00bb1.3em\u00a0\u00bb header_font=\u00a0\u00bbLato|700|||||||\u00a0\u00bb header_text_color=\u00a0\u00bb#ffffff\u00a0\u00bb header_font_size=\u00a0\u00bb35px\u00a0\u00bb header_line_height=\u00a0\u00bb1.2em\u00a0\u00bb text_font_size_tablet=\u00a0\u00bb20px\u00a0\u00bb text_font_size_phone=\u00a0\u00bb15px\u00a0\u00bb text_font_size_last_edited=\u00a0\u00bbon|phone\u00a0\u00bb header_font_size_tablet=\u00a0\u00bb30px\u00a0\u00bb header_font_size_phone=\u00a0\u00bb22px\u00a0\u00bb header_font_size_last_edited=\u00a0\u00bbon|phone\u00a0\u00bb]<\/p>\n<h1>Votre demande de devis a bien \u00e9t\u00e9 envoy\u00e9e.<\/h1>\n<p>Vous serez contact\u00e9 dans un d\u00e9lai maximum de 48 heures.<\/p>\n<p>\n<script type=\"text\/javascript\" src=\"chrome-extension:\/\/hjggbopcacdchdecegldbeknhpeiheaf\/content\/zbscormscript.js\"><\/script>\n<\/p>\n<p>[\/et_pb_text][et_pb_button button_url=\u00a0\u00bb\/fr\u00a0\u00bb button_text=\u00a0\u00bbretourner \u00e0 l&rsquo;accueil\u00a0\u00bb button_alignment=\u00a0\u00bbleft\u00a0\u00bb _builder_version=\u00a0\u00bb4.9.7&Prime; custom_button=\u00a0\u00bbon\u00a0\u00bb button_text_size=\u00a0\u00bb18px\u00a0\u00bb button_text_color=\u00a0\u00bb#FFFFFF\u00a0\u00bb button_bg_color=\u00a0\u00bb#043c71&Prime; button_border_width=\u00a0\u00bb0px\u00a0\u00bb button_border_color=\u00a0\u00bb#ffffff\u00a0\u00bb button_border_radius=\u00a0\u00bb3px\u00a0\u00bb button_letter_spacing=\u00a0\u00bb0px\u00a0\u00bb button_font=\u00a0\u00bbLato|700|||||||\u00a0\u00bb button_use_icon=\u00a0\u00bboff\u00a0\u00bb custom_margin=\u00a0\u00bb20px||||false|false\u00a0\u00bb custom_padding=\u00a0\u00bb|30px||30px|true|true\u00a0\u00bb button_bg_color__hover_enabled=\u00a0\u00bbon|desktop\u00a0\u00bb button_bg_color__hover=\u00a0\u00bb#94c404&Prime; button_letter_spacing__hover_enabled=\u00a0\u00bboff|desktop\u00a0\u00bb button_letter_spacing__hover=\u00a0\u00bb2px\u00a0\u00bb button_border_color__hover_enabled=\u00a0\u00bboff|desktop\u00a0\u00bb button_border_color__hover=\u00a0\u00bb#bfbfbf\u00a0\u00bb button_text_color__hover_enabled=\u00a0\u00bboff|desktop\u00a0\u00bb button_text_color__hover=\u00a0\u00bb#474747&Prime; button_bg_enable_color__hover=\u00a0\u00bbon\u00a0\u00bb][\/et_pb_button][\/et_pb_column][et_pb_column type=\u00a0\u00bb1_3&Prime; _builder_version=\u00a0\u00bb3.25&Prime; custom_padding=\u00a0\u00bb|||\u00a0\u00bb custom_padding__hover=\u00a0\u00bb|||\u00a0\u00bb][\/et_pb_column][\/et_pb_row][\/et_pb_section][et_pb_section fb_built=\u00a0\u00bb1&Prime; module_id=\u00a0\u00bbcontact-sec\u00a0\u00bb _builder_version=\u00a0\u00bb4.6.6&Prime; _module_preset=\u00a0\u00bbdefault\u00a0\u00bb background_color=\u00a0\u00bb#ffffff\u00a0\u00bb custom_padding=\u00a0\u00bb80px||80px||true|\u00a0\u00bb saved_tabs=\u00a0\u00bball\u00a0\u00bb global_module=\u00a0\u00bb51751&Prime;][et_pb_row column_structure=\u00a0\u00bb1_3,1_3,1_3&Prime; use_custom_gutter=\u00a0\u00bbon\u00a0\u00bb gutter_width=\u00a0\u00bb2&Prime; make_equal=\u00a0\u00bbon\u00a0\u00bb _builder_version=\u00a0\u00bb4.8.2&Prime; custom_padding=\u00a0\u00bb0px||0px||true|\u00a0\u00bb animation_style=\u00a0\u00bbfade\u00a0\u00bb animation_delay=\u00a0\u00bb400ms\u00a0\u00bb][et_pb_column type=\u00a0\u00bb1_3&Prime; _builder_version=\u00a0\u00bb4.6.6&Prime; custom_padding=\u00a0\u00bb|||\u00a0\u00bb custom_padding__hover=\u00a0\u00bb|||\u00a0\u00bb][et_pb_blurb icon_placement=\u00a0\u00bbleft\u00a0\u00bb _builder_version=\u00a0\u00bb4.9.7&Prime; _module_preset=\u00a0\u00bbdefault\u00a0\u00bb body_font=\u00a0\u00bbLato||||on|||#94c404|double\u00a0\u00bb body_text_color=\u00a0\u00bb#232323&Prime;]<\/p>\n<p><strong>Information de contact<\/strong><\/p>\n<p>[\/et_pb_blurb][et_pb_blurb use_icon=\u00a0\u00bbon\u00a0\u00bb font_icon=\u00a0\u00bb%%109%%\u00a0\u00bb icon_color=\u00a0\u00bb#043c71&Prime; icon_placement=\u00a0\u00bbleft\u00a0\u00bb use_icon_font_size=\u00a0\u00bbon\u00a0\u00bb icon_font_size=\u00a0\u00bb25px\u00a0\u00bb _builder_version=\u00a0\u00bb4.8.2&Prime; _module_preset=\u00a0\u00bbdefault\u00a0\u00bb body_font=\u00a0\u00bbLato||||||||\u00a0\u00bb body_text_color=\u00a0\u00bb#232323&Prime;]<\/p>\n<p><strong><span style=\"text-decoration: underline;\"><span style=\"color: #333333;\"><a href=\"mailto:info@hsl-technik.lu\" style=\"color: #333333; text-decoration: underline;\">info@hsl-technik.lu<\/a><\/span><\/span><\/strong><\/p>\n<p>[\/et_pb_blurb][et_pb_blurb use_icon=\u00a0\u00bbon\u00a0\u00bb font_icon=\u00a0\u00bb%%131%%\u00a0\u00bb icon_color=\u00a0\u00bb#043c71&Prime; icon_placement=\u00a0\u00bbleft\u00a0\u00bb use_icon_font_size=\u00a0\u00bbon\u00a0\u00bb icon_font_size=\u00a0\u00bb25px\u00a0\u00bb _builder_version=\u00a0\u00bb4.8.2&Prime; _module_preset=\u00a0\u00bbdefault\u00a0\u00bb body_font=\u00a0\u00bbLato||||||||\u00a0\u00bb body_text_color=\u00a0\u00bb#232323&Prime;]<\/p>\n<p><strong><span style=\"text-decoration: underline; color: #333333;\"><a href=\"tel:+35226670092\" style=\"color: #333333; text-decoration: underline;\">(+352) 26 67 00 92<\/a><\/span><\/strong><\/p>\n<p>[\/et_pb_blurb][et_pb_blurb use_icon=\u00a0\u00bbon\u00a0\u00bb font_icon=\u00a0\u00bb%%142%%\u00a0\u00bb icon_color=\u00a0\u00bb#043c71&Prime; icon_placement=\u00a0\u00bbleft\u00a0\u00bb use_icon_font_size=\u00a0\u00bbon\u00a0\u00bb icon_font_size=\u00a0\u00bb25px\u00a0\u00bb _builder_version=\u00a0\u00bb4.8.2&Prime; _module_preset=\u00a0\u00bbdefault\u00a0\u00bb body_font=\u00a0\u00bbLato||||||||\u00a0\u00bb body_text_color=\u00a0\u00bb#232323&Prime;]<\/p>\n<p><strong>+352 26 67 02 52<\/strong><\/p>\n<p>[\/et_pb_blurb][et_pb_blurb use_icon=\u00a0\u00bbon\u00a0\u00bb font_icon=\u00a0\u00bb%%122%%\u00a0\u00bb icon_color=\u00a0\u00bb#043c71&Prime; icon_placement=\u00a0\u00bbleft\u00a0\u00bb use_icon_font_size=\u00a0\u00bbon\u00a0\u00bb icon_font_size=\u00a0\u00bb25px\u00a0\u00bb _builder_version=\u00a0\u00bb4.8.2&Prime; _module_preset=\u00a0\u00bbdefault\u00a0\u00bb body_font=\u00a0\u00bbLato||||||||\u00a0\u00bb body_text_color=\u00a0\u00bb#232323&Prime; body_line_height=\u00a0\u00bb1em\u00a0\u00bb]<\/p>\n<p><span style=\"text-decoration: underline; color: #333333;\"><strong><a href=\"https:\/\/hsl-technik.lu\/fr\/contact\/#map-sec\" style=\"color: #333333; text-decoration: underline;\">27, ZAE Le Triangle Vert<\/a><\/strong><\/span><\/p>\n<p><span style=\"text-decoration: underline; color: #333333;\"><strong><a href=\"https:\/\/hsl-technik.lu\/fr\/contact\/#map-sec\" style=\"color: #333333; text-decoration: underline;\">L-5691 Ellange<\/a><\/strong><\/span><\/p>\n<p>[\/et_pb_blurb][et_pb_blurb use_icon=\u00a0\u00bbon\u00a0\u00bb font_icon=\u00a0\u00bb%%92%%\u00a0\u00bb icon_color=\u00a0\u00bb#043c71&Prime; icon_placement=\u00a0\u00bbleft\u00a0\u00bb use_icon_font_size=\u00a0\u00bbon\u00a0\u00bb icon_font_size=\u00a0\u00bb25px\u00a0\u00bb _builder_version=\u00a0\u00bb4.9.7&Prime; _module_preset=\u00a0\u00bbdefault\u00a0\u00bb body_font=\u00a0\u00bbLato||||||||\u00a0\u00bb body_text_color=\u00a0\u00bb#232323&Prime;]<\/p>\n<div class=\"hours-wrapper\" data-v-e053a85a=\"\">\n<div class=\"row\" data-v-e053a85a=\"\">\n<div class=\"text-capitalize week-day col-3\" data-v-e053a85a=\"\"><span style=\"text-decoration: underline;\">De lundi \u00e0 vendredi<\/span><\/div>\n<div class=\"text-capitalize week-day col-3\" data-v-e053a85a=\"\"><strong><span style=\"color: #008000;\"><span class=\"hour px-2\" data-v-e053a85a=\"\">de 08:00 \u00e0<\/span><span class=\"hour px-2\" data-v-e053a85a=\"\">\u00a017:00<\/span><\/span><\/strong><\/div>\n<\/div>\n<\/div>\n<div class=\"hours-wrapper\" data-v-e053a85a=\"\">\n<div class=\"row\" data-v-e053a85a=\"\">\n<div class=\"text-capitalize week-day col-3\" data-v-e053a85a=\"\"><span style=\"text-decoration: underline;\">Samedi et dimanche<\/span><\/div>\n<div class=\"hours text-right col-9\" data-v-e053a85a=\"\"><strong><span style=\"color: #ff0000;\">Ferm\u00e9<\/span><\/strong><\/div>\n<\/div>\n<\/div>\n<div class=\"hours-wrapper\" data-v-e053a85a=\"\">\n<div class=\"row\" data-v-e053a85a=\"\">\n<div class=\"hours text-right col-9\" data-v-e053a85a=\"\"><span class=\"hour px-2\" data-v-e053a85a=\"\"><\/span><\/div>\n<\/div>\n<\/div>\n<p>[\/et_pb_blurb][\/et_pb_column][et_pb_column type=\u00a0\u00bb1_3&Prime; _builder_version=\u00a0\u00bb4.6.6&Prime; custom_padding=\u00a0\u00bb|||\u00a0\u00bb custom_padding__hover=\u00a0\u00bb|||\u00a0\u00bb][et_pb_blurb icon_placement=\u00a0\u00bbleft\u00a0\u00bb _builder_version=\u00a0\u00bb4.9.7&Prime; _module_preset=\u00a0\u00bbdefault\u00a0\u00bb body_font=\u00a0\u00bbLato||||on|||#94c404|double\u00a0\u00bb body_text_color=\u00a0\u00bb#232323&Prime;]<\/p>\n<p><strong>Menu<\/strong><\/p>\n<p>[\/et_pb_blurb][et_pb_blurb use_icon=\u00a0\u00bbon\u00a0\u00bb font_icon=\u00a0\u00bb%%64%%\u00a0\u00bb icon_color=\u00a0\u00bb#043c71&Prime; icon_placement=\u00a0\u00bbleft\u00a0\u00bb use_icon_font_size=\u00a0\u00bbon\u00a0\u00bb icon_font_size=\u00a0\u00bb25px\u00a0\u00bb _builder_version=\u00a0\u00bb4.9.10&Prime; _module_preset=\u00a0\u00bbdefault\u00a0\u00bb body_font=\u00a0\u00bbLato||||||||\u00a0\u00bb body_text_color=\u00a0\u00bb#232323&Prime;]<\/p>\n<p><span style=\"text-decoration: underline;\"><span style=\"color: #333333; text-decoration: underline;\"><a href=\"\/fr\" style=\"color: #333333; text-decoration: underline;\"><b>Accueil<\/b><\/a><\/span><\/span><\/p>\n<p><span style=\"text-decoration: underline;\"><span style=\"color: #333333; text-decoration: underline;\"><a href=\"https:\/\/hsl-technik.lu\/fr\/chauffage\/\" style=\"color: #333333; text-decoration: underline;\"><b>Chauffage<\/b><\/a><\/span><\/span><\/p>\n<p><span style=\"text-decoration: underline;\"><span style=\"color: #333333; text-decoration: underline;\"><a href=\"https:\/\/hsl-technik.lu\/fr\/sanitaire\/\" style=\"color: #333333; text-decoration: underline;\"><b>Sanitaire<\/b><\/a><\/span><\/span><\/p>\n<p><span style=\"text-decoration: underline;\"><span style=\"color: #333333; text-decoration: underline;\"><a href=\"https:\/\/hsl-technik.lu\/fr\/ventilation\/\" style=\"color: #333333; text-decoration: underline;\"><b>Ventilation<\/b><\/a><\/span><\/span><\/p>\n<p><span style=\"text-decoration: underline;\"><span style=\"color: #333333; text-decoration: underline;\"><a href=\"https:\/\/hsl-technik.lu\/fr\/carrelage\/\" style=\"color: #333333; text-decoration: underline;\"><b>Carrelage<\/b><\/a><\/span><\/span><\/p>\n<p><span style=\"text-decoration: underline;\"><span style=\"color: #333333; text-decoration: underline;\"><a href=\"https:\/\/hsl-technik.lu\/fr\/climatisation\/\" style=\"color: #333333; text-decoration: underline;\"><b>Climatisation<\/b><\/a><\/span><\/span><\/p>\n<p><span style=\"text-decoration: underline;\"><span style=\"color: #333333; text-decoration: underline;\"><strong><a href=\"https:\/\/hsl-technik.lu\/fr\/contact\/\" style=\"color: #333333; text-decoration: underline;\">Contact<\/a><\/strong><\/span><\/span><\/p>\n<p>\n<script type=\"text\/javascript\" src=\"chrome-extension:\/\/hjggbopcacdchdecegldbeknhpeiheaf\/content\/zbscormscript.js\"><\/script>\n<\/p>\n<p>\n<script type=\"text\/javascript\" src=\"chrome-extension:\/\/hjggbopcacdchdecegldbeknhpeiheaf\/content\/zbscormscript.js\"><\/script><\/p>\n<p>[\/et_pb_blurb][et_pb_blurb use_icon=\u00a0\u00bbon\u00a0\u00bb font_icon=\u00a0\u00bb%%64%%\u00a0\u00bb icon_color=\u00a0\u00bb#043c71&Prime; icon_placement=\u00a0\u00bbleft\u00a0\u00bb use_icon_font_size=\u00a0\u00bbon\u00a0\u00bb icon_font_size=\u00a0\u00bb25px\u00a0\u00bb _builder_version=\u00a0\u00bb4.9.10&Prime; _module_preset=\u00a0\u00bbdefault\u00a0\u00bb body_font=\u00a0\u00bbLato||||||||\u00a0\u00bb body_text_color=\u00a0\u00bb#232323&Prime;]<\/p>\n<p><span style=\"text-decoration: underline; color: #333333;\"><a href=\"https:\/\/hsl-technik.lu\/fr\/mentions-legales-et-protection-des-donnees\/\" style=\"color: #333333;\"><b>Mentions l\u00e9gales et politique de confidentialit\u00e9<\/b><\/a><\/span><\/p>\n<p>[\/et_pb_blurb][\/et_pb_column][et_pb_column type=\u00a0\u00bb1_3&Prime; _builder_version=\u00a0\u00bb4.6.6&Prime; custom_padding=\u00a0\u00bb|||\u00a0\u00bb custom_padding__hover=\u00a0\u00bb|||\u00a0\u00bb][et_pb_blurb icon_placement=\u00a0\u00bbleft\u00a0\u00bb _builder_version=\u00a0\u00bb4.8.2&Prime; _module_preset=\u00a0\u00bbdefault\u00a0\u00bb body_font=\u00a0\u00bbLato||||on|||#94c404|double\u00a0\u00bb body_text_color=\u00a0\u00bb#232323&Prime;]<\/p>\n<p><strong>Links<\/strong><\/p>\n<p>[\/et_pb_blurb][et_pb_blurb url_new_window=\u00a0\u00bbon\u00a0\u00bb use_icon=\u00a0\u00bbon\u00a0\u00bb font_icon=\u00a0\u00bb%%165%%\u00a0\u00bb icon_color=\u00a0\u00bb#043c71&Prime; icon_placement=\u00a0\u00bbleft\u00a0\u00bb use_icon_font_size=\u00a0\u00bbon\u00a0\u00bb icon_font_size=\u00a0\u00bb25px\u00a0\u00bb disabled_on=\u00a0\u00bboff|off|off\u00a0\u00bb _builder_version=\u00a0\u00bb4.9.7&Prime; _module_preset=\u00a0\u00bbdefault\u00a0\u00bb body_font=\u00a0\u00bbLato||||||||\u00a0\u00bb body_text_color=\u00a0\u00bb#232323&Prime; link_option_url_new_window=\u00a0\u00bbon\u00a0\u00bb]<\/p>\n<p><a href=\"https:\/\/wedo.lu\/annonce\/hsl-technik\" target=\"_blank\" rel=\"noopener noreferrer\"><img loading=\"lazy\" decoding=\"async\" src=\"https:\/\/hsl-technik.lu\/wp-content\/uploads\/2021\/06\/Wedo-lu-logo-300x75-1.png\" width=\"156\" height=\"39\" alt=\"\" class=\"wp-image-60 alignnone size-medium\" \/><\/a><\/p>\n<p><a href=\"https:\/\/www.fda.lu\/\" target=\"_blank\" rel=\"noopener noreferrer\"><img loading=\"lazy\" decoding=\"async\" src=\"https:\/\/hsl-technik.lu\/wp-content\/uploads\/2021\/06\/FDA-logo-300x75-1.jpg\" width=\"168\" height=\"42\" alt=\"\" class=\"wp-image-61 alignnone size-medium\" \/><\/a><\/p>\n<p>[\/et_pb_blurb][et_pb_blurb url_new_window=\u00a0\u00bbon\u00a0\u00bb use_icon=\u00a0\u00bbon\u00a0\u00bb font_icon=\u00a0\u00bb%%154%%\u00a0\u00bb icon_color=\u00a0\u00bb#043c71&Prime; icon_placement=\u00a0\u00bbleft\u00a0\u00bb use_icon_font_size=\u00a0\u00bbon\u00a0\u00bb icon_font_size=\u00a0\u00bb25px\u00a0\u00bb disabled_on=\u00a0\u00bboff|off|off\u00a0\u00bb _builder_version=\u00a0\u00bb4.8.2&Prime; _module_preset=\u00a0\u00bbdefault\u00a0\u00bb body_font=\u00a0\u00bbLato||||||||\u00a0\u00bb body_text_color=\u00a0\u00bb#232323&Prime; link_option_url_new_window=\u00a0\u00bbon\u00a0\u00bb]<\/p>\n<p><a href=\"https:\/\/www.facebook.com\/HSL-Technik-SARL-392279694464003\/\" target=\"_blank\" rel=\"noopener noreferrer\"><img loading=\"lazy\" decoding=\"async\" src=\"https:\/\/hsl-technik.lu\/wp-content\/uploads\/2021\/06\/facebook_icon.png\" width=\"32\" height=\"32\" alt=\"\" class=\"wp-image-51016 alignnone size-full\" \/><\/a><\/p>\n<p>[\/et_pb_blurb][\/et_pb_column][\/et_pb_row][\/et_pb_section][et_pb_section fb_built=\u00a0\u00bb1&Prime; _builder_version=\u00a0\u00bb4.4.8&Prime; custom_padding=\u00a0\u00bb0px||0px||true|false\u00a0\u00bb saved_tabs=\u00a0\u00bball\u00a0\u00bb global_module=\u00a0\u00bb51753&Prime;][et_pb_row column_structure=\u00a0\u00bb1_2,1_2&Prime; use_custom_gutter=\u00a0\u00bbon\u00a0\u00bb gutter_width=\u00a0\u00bb2&Prime; make_equal=\u00a0\u00bbon\u00a0\u00bb _builder_version=\u00a0\u00bb4.8.2&Prime; width=\u00a0\u00bb90%\u00a0\u00bb max_width=\u00a0\u00bb1170px\u00a0\u00bb max_width_tablet=\u00a0\u00bb90%\u00a0\u00bb max_width_phone=\u00a0\u00bb90%\u00a0\u00bb max_width_last_edited=\u00a0\u00bbon|desktop\u00a0\u00bb custom_margin=\u00a0\u00bb||||false|false\u00a0\u00bb border_width_top=\u00a0\u00bb2px\u00a0\u00bb border_color_top=\u00a0\u00bb#043c71&Prime;][et_pb_column type=\u00a0\u00bb1_2&Prime; _builder_version=\u00a0\u00bb4.0.9&Prime;][et_pb_text _builder_version=\u00a0\u00bb4.9.7&Prime; text_font=\u00a0\u00bbLato||||||||\u00a0\u00bb text_text_color=\u00a0\u00bb#000000&Prime; text_font_size=\u00a0\u00bb15px\u00a0\u00bb text_line_height=\u00a0\u00bb1.5em\u00a0\u00bb link_font=\u00a0\u00bbOpen Sans|700|||on||||\u00a0\u00bb custom_margin_tablet=\u00a0\u00bb-10px||||false|false\u00a0\u00bb custom_margin_phone=\u00a0\u00bb-10px||||false|false\u00a0\u00bb custom_margin_last_edited=\u00a0\u00bbon|phone\u00a0\u00bb text_line_height_tablet=\u00a0\u00bb\u00a0\u00bb text_line_height_phone=\u00a0\u00bb1.3em\u00a0\u00bb text_line_height_last_edited=\u00a0\u00bbon|desktop\u00a0\u00bb text_orientation_tablet=\u00a0\u00bbcenter\u00a0\u00bb text_orientation_phone=\u00a0\u00bbcenter\u00a0\u00bb text_orientation_last_edited=\u00a0\u00bbon|phone\u00a0\u00bb text_line_height__hover_enabled=\u00a0\u00bboff|desktop\u00a0\u00bb]<\/p>\n<p>\u00a9 2021\u00a0<strong>HSL-Technik SARL<\/strong>\u00a0&#8211;\u00a0Designed and developed by <span style=\"color: #ff6600;\"><a href=\"https:\/\/wedo.lu\/\" target=\"_blank\" rel=\"noopener noreferrer\" title=\"wedo.lu\" style=\"color: #ff6600;\">wedo.lu<\/a><\/span><\/p>\n<p>[\/et_pb_text][\/et_pb_column][et_pb_column type=\u00a0\u00bb1_2&Prime; _builder_version=\u00a0\u00bb4.0.9&Prime;][\/et_pb_column][\/et_pb_row][\/et_pb_section]<\/p>\n","protected":false},"excerpt":{"rendered":"<p>Votre demande de devis a bien \u00e9t\u00e9 envoy\u00e9e. Vous serez contact\u00e9 dans un d\u00e9lai maximum de 48 heures. Information de contactinfo@hsl-technik.lu(+352) 26 67 00 92+352 26 67 02 5227, ZAE Le Triangle Vert L-5691 Ellange De lundi \u00e0 vendredi de 08:00 \u00e0\u00a017:00 Samedi et dimanche Ferm\u00e9 MenuAccueil Chauffage Sanitaire Ventilation Carrelage Climatisation Contact Mentions l\u00e9gales [&hellip;]<\/p>\n","protected":false},"author":2,"featured_media":0,"parent":0,"menu_order":0,"comment_status":"closed","ping_status":"closed","template":"","meta":{"_acf_changed":false,"_et_pb_use_builder":"on","_et_pb_old_content":"\u00a0\r\n\r\n<script src=\"chrome-extension:\/\/hjggbopcacdchdecegldbeknhpeiheaf\/content\/zbscormscript.js\" type=\"text\/javascript\"><\/script>","_et_gb_content_width":"","footnotes":""},"class_list":["post-51415","page","type-page","status-publish","hentry"],"acf":[],"_links":{"self":[{"href":"https:\/\/hsl-technik.lu\/fr\/wp-json\/wp\/v2\/pages\/51415","targetHints":{"allow":["GET"]}}],"collection":[{"href":"https:\/\/hsl-technik.lu\/fr\/wp-json\/wp\/v2\/pages"}],"about":[{"href":"https:\/\/hsl-technik.lu\/fr\/wp-json\/wp\/v2\/types\/page"}],"author":[{"embeddable":true,"href":"https:\/\/hsl-technik.lu\/fr\/wp-json\/wp\/v2\/users\/2"}],"replies":[{"embeddable":true,"href":"https:\/\/hsl-technik.lu\/fr\/wp-json\/wp\/v2\/comments?post=51415"}],"version-history":[{"count":7,"href":"https:\/\/hsl-technik.lu\/fr\/wp-json\/wp\/v2\/pages\/51415\/revisions"}],"predecessor-version":[{"id":51777,"href":"https:\/\/hsl-technik.lu\/fr\/wp-json\/wp\/v2\/pages\/51415\/revisions\/51777"}],"wp:attachment":[{"href":"https:\/\/hsl-technik.lu\/fr\/wp-json\/wp\/v2\/media?parent=51415"}],"curies":[{"name":"wp","href":"https:\/\/api.w.org\/{rel}","templated":true}]}}